{"id":274,"date":"2009-03-27T16:22:56","date_gmt":"2009-03-27T15:22:56","guid":{"rendered":"http:\/\/lenz-gmbh.de\/?page_id=274"},"modified":"2022-08-18T13:27:58","modified_gmt":"2022-08-18T12:27:58","slug":"vertretungeuropa","status":"publish","type":"page","link":"https:\/\/lenz-gmbh.de\/en\/vertretungeuropa\/","title":{"rendered":"Agents Europe"},"content":{"rendered":"<h1>Agents Europe<\/h1>\r\n<p><strong>Germany<\/strong><\/p>\r\n<p>Ernst Lenz Maschinenbau GmbH<br \/>\r\nVolker Sch\u00fcller<br \/>\r\nWetzlarer Strasse 21<br \/>\r\n35764 Sinn<br \/>\r\nPhone + 49 2772 94240<br \/>\r\nFax +49 2772 942444<br \/>\r\nMobile +49 175 592 3482<br \/>\r\ne-mail: <a href=\"mailto:vschueller@lenz-gmbh.de\">vschueller@lenz-gmbh.de<\/a><br \/>\r\n<br \/>\r\n<br \/>\r\n<strong>Poland<\/strong><\/p>\r\n<p>KAWA GmbH<br \/>\r\nApostelstra\u00dfe 12<br \/>\r\nD-94501 Aldersbach<br \/>\r\nPhone: +49 8543\u00a0 918 546-0<br \/>\r\nFax: +49 (0)8543\u00a0 918 546-1<br \/>\r\ne-mail: <a href=\"mailto:kawa@kawa-gmbh.com\">kawa@kawa-gmbh.com<\/a><\/p>\r\n<p><br \/>\r\n<strong>Spain<\/strong><br \/>\r\nWAXCO<br \/>\r\nRicardo Benmayor<br \/>\r\nAV.Sucarrats. 100<br \/>\r\n08191 Rubi (Barcelona)<br \/>\r\nPhone +34-93-5861010<br \/>\r\nFax +34-93-5861012<br \/>\r\n<br \/>\r\n<br \/>\r\n<strong>United Kindom<\/strong><br \/>\r\nTechnic Electric<br \/>\r\n20 Queensway<br \/>\r\nStem Lane Industrial Estate<br \/>\r\nNew Milton<br \/>\r\nHampshire BH25 5NN<\/p>\r\n<p>Phone +44-2380 667486<br \/>\r\nFax +44-2380 663830<br \/>\r\ne-mail: <a href=\"mailto:steve@technic.co.uk\">steve@technic.co.uk<\/a><br \/>\r\n<br \/>\r\n<br \/>\r\n<strong>France<\/strong><br \/>\r\nFutur Tech<br \/>\r\n51, rue d\u00b4 Ourdy<br \/>\r\nB\u00e2t C<br \/>\r\n77550 R\u00e9au<br \/>\r\nPhone +33 (1) 641 30141<br \/>\r\nFax +33 (1) 64130436<br \/>\r\ne-mail: <a href=\"mailto:schulze.philippe@club-internet.fr\">schulze.philippe@club-internet.fr<\/a><br \/>\r\n<br \/>\r\n<br \/>\r\n<strong>Czech and Slovak Republics<\/strong><br \/>\r\nINTERCONTI Ing. Tom\u00e1\u0161 Braven\u00fd, s.r.o.<br \/>\r\ning.Tomas Braveny<br \/>\r\nUlrychova 54<br \/>\r\nCZ- 624 00 Brno<br \/>\r\nTel. +420 739 237 833<br \/>\r\ne-mail: <a href=\"mailto:info@interconti.cz\">info@interconti.cz<\/a><br \/>\r\n<a href=\"http:\/\/www.inter-conti.cz\">www.inter-conti.cz<\/a><\/p>\r\n<p><strong><br \/>\r\nSwitzerland<\/strong><br \/>\r\nM. Lauenstein AG<br \/>\r\nSeestrasse 97<br \/>\r\nCH-8707 Uetikon am See<br \/>\r\nPhone +41-62-8916761<br \/>\r\nFax +41-62-8916763<br \/>\r\n<br \/>\r\n<br \/>\r\n<strong>Sweden<\/strong><br \/>\r\nESGEBE AB<br \/>\r\nBomsterrundan 10<br \/>\r\nS-137 36 V\u00e4sterhaninge<br \/>\r\nPhone: +46 (0)8 50064100<br \/>\r\nFax: +46 (0)8 57167749<br \/>\r\ne-mail: <a href=\"mailto:gunnar@esgebe.se\">gunnar@esgebe.se<\/a><\/p>\r\n<p><strong>Israel<\/strong><br \/>\r\nGadot ChemicalTerminals Ltd<br \/>\r\n16 Habonim st., South Industrial Zone<br \/>\r\n42504 Netanya, Israel<br \/>\r\nPhone +972 9 8929548<br \/>\r\nFax +972 9 8653381<br \/>\r\ne-mail: <a href=\"mailto:chlacks@gadot.com\">chlacks@gadot.com<\/a><\/p>\r\n<p><strong>Italy<\/strong><br \/>\r\nErnst Lenz Maschinenbau GmbH<br \/>\r\nWetzlarer Stra\u00dfe 21<br \/>\r\n35764 Sinn (Germany)<br \/>\r\nTelefon: +49 2772 94240<br \/>\r\nFax: +49 2772 942444<br \/>\r\ne-mail:\u00a0<a href=\"mailto:lenz@lenz-gmbh.de\">lenz@lenz-gmbh.de<\/a><\/p>","protected":false},"excerpt":{"rendered":"<p>Agents Europe Germany Ernst Lenz Maschinenbau GmbH Volker Sch\u00fcller Wetzlarer Strasse 21 35764 Sinn Phone + 49 2772 94240 Fax +49 2772 942444 Mobile +49 175 592 3482 e-mail: vschueller@lenz-gmbh.de Poland KAWA GmbH Apostelstra\u00dfe 12 D-94501 Aldersbach Phone: +49 8543\u00a0 918 546-0 Fax: +49 (0)8543\u00a0 918 546-1 e-mail: kawa@kawa-gmbh.com Spain WAXCO Ricardo Benmayor AV.Sucarrats. 100 [&hellip;]<\/p>\n","protected":false},"author":1,"featured_media":0,"parent":0,"menu_order":1,"comment_status":"closed","ping_status":"closed","template":"","meta":{"footnotes":""},"tags":[],"class_list":["post-274","page","type-page","status-publish","hentry"],"_links":{"self":[{"href":"https:\/\/lenz-gmbh.de\/en\/wp-json\/wp\/v2\/pages\/274","targetHints":{"allow":["GET"]}}],"collection":[{"href":"https:\/\/lenz-gmbh.de\/en\/wp-json\/wp\/v2\/pages"}],"about":[{"href":"https:\/\/lenz-gmbh.de\/en\/wp-json\/wp\/v2\/types\/page"}],"author":[{"embeddable":true,"href":"https:\/\/lenz-gmbh.de\/en\/wp-json\/wp\/v2\/users\/1"}],"replies":[{"embeddable":true,"href":"https:\/\/lenz-gmbh.de\/en\/wp-json\/wp\/v2\/comments?post=274"}],"version-history":[{"count":16,"href":"https:\/\/lenz-gmbh.de\/en\/wp-json\/wp\/v2\/pages\/274\/revisions"}],"predecessor-version":[{"id":1181,"href":"https:\/\/lenz-gmbh.de\/en\/wp-json\/wp\/v2\/pages\/274\/revisions\/1181"}],"wp:attachment":[{"href":"https:\/\/lenz-gmbh.de\/en\/wp-json\/wp\/v2\/media?parent=274"}],"wp:term":[{"taxonomy":"post_tag","embeddable":true,"href":"https:\/\/lenz-gmbh.de\/en\/wp-json\/wp\/v2\/tags?post=274"}],"curies":[{"name":"wp","href":"https:\/\/api.w.org\/{rel}","templated":true}]}}